{"id":323,"date":"2024-07-04T12:15:13","date_gmt":"2024-07-04T10:15:13","guid":{"rendered":"https:\/\/arzachenaspiagge.it\/papers\/"},"modified":"2024-09-12T16:57:38","modified_gmt":"2024-09-12T14:57:38","slug":"papers","status":"publish","type":"page","link":"https:\/\/arzachenaspiagge.it\/en\/papers\/","title":{"rendered":"Papers"},"content":{"rendered":"<p>[et_pb_section fb_built=&#8221;1&#8243; admin_label=&#8221;Header&#8221; _builder_version=&#8221;4.25.1&#8243; _module_preset=&#8221;default&#8221; background_image=&#8221;https:\/\/arzachenaspiagge.it\/wp-content\/uploads\/2024\/06\/Arzachena_AdobeStock_434319090-scaled.jpeg&#8221; custom_padding=&#8221;6vw||6vw||true|false&#8221; bottom_divider_style=&#8221;arrow2&#8243; bottom_divider_color=&#8221;#FFFFFF&#8221; locked=&#8221;off&#8221; collapsed=&#8221;on&#8221; global_colors_info=&#8221;{}&#8221;][et_pb_row _builder_version=&#8221;4.21.0&#8243; _module_preset=&#8221;default&#8221; background_color=&#8221;RGBA(255,255,255,0)&#8221; custom_margin=&#8221;|auto|-3px|auto||&#8221; custom_padding=&#8221;|30px|27px|30px|false|true&#8221; border_radii=&#8221;on|10px|10px|10px|10px&#8221; global_colors_info=&#8221;{}&#8221;][et_pb_column type=&#8221;4_4&#8243; _builder_version=&#8221;4.20.0&#8243; _module_preset=&#8221;default&#8221; global_colors_info=&#8221;{}&#8221;][et_pb_text _builder_version=&#8221;4.25.1&#8243; _module_preset=&#8221;_initial&#8221; header_font=&#8221;|700||on|||||&#8221; header_text_color=&#8221;#FFFFFF&#8221; text_orientation=&#8221;center&#8221; header_text_shadow_style=&#8221;preset1&#8243; global_colors_info=&#8221;{%22gcid-dfca0e9b-c2d5-4a0d-bd54-692f77707a05%22:%91%22header_text_color%22%93}&#8221;]<\/p>\n<h1>Terms and Conditions<\/h1>\n<p>[\/et_pb_text][\/et_pb_column][\/et_pb_row][\/et_pb_section][et_pb_section fb_built=&#8221;1&#8243; _builder_version=&#8221;4.25.1&#8243; _module_preset=&#8221;default&#8221; custom_padding=&#8221;55px|||||&#8221; global_colors_info=&#8221;{}&#8221;][et_pb_row _builder_version=&#8221;4.25.1&#8243; _module_preset=&#8221;default&#8221; global_colors_info=&#8221;{}&#8221;][et_pb_column type=&#8221;4_4&#8243; _builder_version=&#8221;4.25.1&#8243; _module_preset=&#8221;default&#8221; global_colors_info=&#8221;{}&#8221;][et_pb_text _builder_version=&#8221;4.26.0&#8243; _module_preset=&#8221;default&#8221; text_font_size=&#8221;18px&#8221; text_line_height=&#8221;1.75em&#8221; global_colors_info=&#8221;{}&#8221;]<\/p>\n<div class=\"et_pb_module et_pb_text et_pb_text_1  et_pb_text_align_left et_pb_bg_layout_light\">\n<div class=\"et_pb_text_inner\">\n<p><strong>51. Utilizzo del sito web<\/strong><br \/>Questo Sito \u00e8 a disposizione di tutti gli utenti (di seguito denominato \u201cUtente\u201d o \u201cLei\u201d), soggetti ai presenti Termini e Condizioni Generali.<br \/>Quando Lei utilizza il Sito, Lei dichiara di accettare questi Termini e Condizioni.<br \/>La gestione di questa piattaforma di prenotazione, realizzata dalla software house Ditech Srl, \u00e8 effettuata dalla software house stessa e dalla in-house del Comune di Arzachena Ge.Se.Co. Srl.<br \/>L\u2019Utente dichiara che lui\/lei \u00e8 un adulto (almeno 18 anni di et\u00e0) e ha la capacit\u00e0 giuridica di essere vincolato dal presente accordo e di utilizzare il Sito in conformit\u00e0 con questi termini e condizioni che comprende e accetta pienamente.<br \/>Questo sito \u00e8 solo ed esclusivamente per uso personale dell\u2019Utente. Esso non pu\u00f2 essere modificato, riprodotto, duplicato, copiato, distribuito, venduto, rivenduto o sfruttato a fini commerciali o non commerciali.<br \/>L\u2019Utente si impegna a non utilizzare questo sito web per scopi illegali o proibiti. In particolare, l\u2019Utente accetta che lui\/lei utilizzer\u00e0 il sito web esclusivamente per lui\/lei e per il proprio uso o consumo personale, o l\u2019uso e il consumo delle persone per conto delle quali \u00e8 legalmente autorizzato ad agire.<\/p>\n<p><strong>2. Definizioni<\/strong><br \/>Salvo diversamente indicato i seguenti termini e le seguenti espressioni avranno i seguenti significati:<br \/>\u2013 \u201cUtente\u201d, \u201ctu\u201d e \u201ctuo\/a\u201d si riferiscono a te in qualit\u00e0 di utente di questo Sito;<br \/>\u2013 \u201cConferma della Prenotazione\u201d ha il significato di trasmissione della email di conferma;<br \/>\u2013 \u201cPiattaforma\u201d si riferisce al presente sito (anche, il \u201cSito\u201d), l\u2019App, Widget, gli strumenti, le piattaforme o altri dispositivi destinati alla gestione delle prenotazioni;<br \/>\u2013 \u201cPrenotazione\u201d indica la prenotazione per una determinata data, richiesta tramite Sito.<\/p>\n<p><strong>3. Prenotazioni e Conferma<\/strong><br \/>La procedura di Prenotazione ti permette di controllare adeguatamente e correggere eventuali errori prima di confermarci la tua Prenotazione, per cui sar\u00e0 tua esclusiva responsabilit\u00e0 accertarti della correttezza dei dettagli della Prenotazione prima dell\u2019invio.<br \/>Ti ricordiamo che il Contratto di prenotazione si intende stipulato nel momento in cui ti invieremo la conferma della Prenotazione via e-mail. La Conferma della Prenotazione si considera effettuata con l\u2019invio della e-mail di conferma stessa. Non rispondiamo quindi del mancato ricevimento della stessa qualora venga bloccata o inserita nello spam del ricevente.<br \/>Il richiedente non avr\u00e0 diritto alla posticipazione, alla modifica della data o di altri dettagli della prenotazione, in qualsiasi caso e per qualsiasi motivazione.<br \/>Ci riserviamo la facolt\u00e0 di negare l\u2019accesso al nostro Sito e\/o all\u2019App nonch\u00e9 la facolt\u00e0 di annullare le Prenotazioni nel caso non dovessi superare le nostre verifiche in materia di prevenzione frodi o qualora avessimo il fondato sospetto di frode o false prenotazioni da parte tua.<\/p>\n<p>Ogni prenotazione non potr\u00e0 essere richiesta per pi\u00f9 di 6 persone allo stesso tempo.<br \/>\u00c8 necessario inserire nella prenotazione i bambini fino ai 12 anni.<\/p>\n<p><strong>4. Limite orario per il completamento del check-in<\/strong><br \/>Per garantire il corretto funzionamento del processo di prenotazione, e relativa fruizione della stessa nel giorno e negli orari scelti, l\u2019accesso responsabile con prenotazione \u00e8 garantito fino a due ore dopo dall\u2019inizio del turno scelto.<\/p>\n<p>Ci\u00f2 significa che il check-in per ogni prenotazione dovr\u00e0 essere effettuato:<br \/>&#8211; entro le 10.00 per il turno della mattina<br \/>&#8211; entro le 10.00 per la giornata intera<br \/>&#8211; entro le 15.30 per il turno del pomeriggio.<br \/>Dopo tali orari, la prenotazione non sar\u00e0 pi\u00f9 valida. Per usufruire dell\u2019accesso responsabile sar\u00e0 dunque necessario effettuare un\u2019altra prenotazione.\u201d<\/p>\n<p><strong>5. Annullamento Prenotazioni<\/strong><br \/>Una volta ricevuta la Conferma della Prenotazione, sar\u00e0 possibile annullare la Prenotazione.<\/p>\n<p><strong>6. Privacy<\/strong><br \/>L\u2019informativa privacy \u00e8 presente su questo sito alla voce \u201cPrivacy\u201d.<\/p>\n<p><strong>7. Link ad altri siti web<\/strong><br \/>Il Sito pu\u00f2 contenere link ad altri siti web che non sono gestiti da Ditech Srl. Quest\u2019ultima non esercita alcun controllo su questi siti e non \u00e8 responsabile del loro contenuto.<\/p>\n<p><strong>8. Modifiche ai Termini e Condizioni Generali<\/strong><br \/>La societ\u00e0 Ditech Srl si riserva il diritto di modificare e\/o aggiornare questi Termini e Condizioni Generali di volta in volta senza preavviso per voi. L\u2019attuale versione dei Termini e condizioni sar\u00e0 visualizzata all\u2019interno del sito web dalla data in cui le modifiche entreranno in vigore. L\u2019uso del Sito dopo eventuali modifiche ai Termini e Condizioni costituisce accettazione di tali cambiamenti. I presenti Termini e Condizioni sono redatti in lingua italiana; il testo di eventuali traduzioni in altre lingue non \u00e8 da considerarsi vincolante laddove riporti difformit\u00e0 o errori rispetto al testo italiano.<\/p>\n<p><strong>9. Legge applicabile e foro competente<\/strong><br \/>I presenti Termini e Condizioni Generali sono disciplinati dalla normativa nazionale ed internazionale vigente in Italia.<\/p>\n<\/div>\n<\/div>\n<p>[\/et_pb_text][\/et_pb_column][\/et_pb_row][et_pb_row _builder_version=&#8221;4.25.1&#8243; _module_preset=&#8221;default&#8221; global_colors_info=&#8221;{}&#8221;][et_pb_column type=&#8221;4_4&#8243; _builder_version=&#8221;4.25.1&#8243; _module_preset=&#8221;default&#8221; global_colors_info=&#8221;{}&#8221;][et_pb_button button_url=&#8221;https:\/\/apl.privacy.mobilityapp.net\/form_prv_richiesta\/?komune=11&#8243; button_text=&#8221;Manage your data&#8221; _builder_version=&#8221;4.25.1&#8243; _module_preset=&#8221;default&#8221; global_colors_info=&#8221;{}&#8221;][\/et_pb_button][\/et_pb_column][\/et_pb_row][\/et_pb_section]<\/p>\n","protected":false},"excerpt":{"rendered":"<p>Terms and Conditions 51. Utilizzo del sito webQuesto Sito \u00e8 a disposizione di tutti gli utenti (di seguito denominato \u201cUtente\u201d o \u201cLei\u201d), soggetti ai presenti Termini e Condizioni Generali.Quando Lei utilizza il Sito, Lei dichiara di accettare questi Termini e Condizioni.La gestione di questa piattaforma di prenotazione, realizzata dalla software house Ditech Srl, \u00e8 effettuata [&hellip;]<\/p>\n","protected":false},"author":1,"featured_media":0,"parent":0,"menu_order":0,"comment_status":"closed","ping_status":"closed","template":"","meta":{"_et_pb_use_builder":"on","_et_pb_old_content":"","_et_gb_content_width":"","footnotes":""},"class_list":["post-323","page","type-page","status-publish","hentry"],"_links":{"self":[{"href":"https:\/\/arzachenaspiagge.it\/en\/wp-json\/wp\/v2\/pages\/323","targetHints":{"allow":["GET"]}}],"collection":[{"href":"https:\/\/arzachenaspiagge.it\/en\/wp-json\/wp\/v2\/pages"}],"about":[{"href":"https:\/\/arzachenaspiagge.it\/en\/wp-json\/wp\/v2\/types\/page"}],"author":[{"embeddable":true,"href":"https:\/\/arzachenaspiagge.it\/en\/wp-json\/wp\/v2\/users\/1"}],"replies":[{"embeddable":true,"href":"https:\/\/arzachenaspiagge.it\/en\/wp-json\/wp\/v2\/comments?post=323"}],"version-history":[{"count":3,"href":"https:\/\/arzachenaspiagge.it\/en\/wp-json\/wp\/v2\/pages\/323\/revisions"}],"predecessor-version":[{"id":350,"href":"https:\/\/arzachenaspiagge.it\/en\/wp-json\/wp\/v2\/pages\/323\/revisions\/350"}],"wp:attachment":[{"href":"https:\/\/arzachenaspiagge.it\/en\/wp-json\/wp\/v2\/media?parent=323"}],"curies":[{"name":"wp","href":"https:\/\/api.w.org\/{rel}","templated":true}]}}